{"id":840,"date":"2024-05-06T14:33:09","date_gmt":"2024-05-06T14:33:09","guid":{"rendered":"http:\/\/localhost\/cras\/?page_id=840"},"modified":"2025-09-02T11:26:17","modified_gmt":"2025-09-02T11:26:17","slug":"services-two","status":"publish","type":"page","link":"https:\/\/acillastik.com.tr\/index.php\/services-two\/","title":{"rendered":"Services Two"},"content":{"rendered":"\t\t<div data-elementor-type=\"wp-page\" data-elementor-id=\"840\" class=\"elementor elementor-840\">\n\t\t\t\t\t\t<section class=\"elementor-section elementor-top-section elementor-element elementor-element-d564ee8 elementor-section-full_width elementor-section-stretched elementor-section-height-default elementor-section-height-default\" data-id=\"d564ee8\" data-element_type=\"section\" data-settings=\"{&quot;stretch_section&quot;:&quot;section-stretched&quot;}\">\n\t\t\t\t\t\t<div class=\"elementor-container elementor-column-gap-no\">\n\t\t\t\t\t<div class=\"elementor-column elementor-col-100 elementor-top-column elementor-element elementor-element-970f205\" data-id=\"970f205\" data-element_type=\"column\">\n\t\t\t<div class=\"elementor-widget-wrap elementor-element-populated\">\n\t\t\t\t\t\t<div class=\"elementor-element elementor-element-5c0bb83 elementor-widget elementor-widget-widget-brdc\" data-id=\"5c0bb83\" data-element_type=\"widget\" data-widget_type=\"widget-brdc.default\">\n\t\t\t\t<div class=\"elementor-widget-container\">\n\t\t\t\t\t<div class=\"ak-height-125 ak-height-lg-80\"><\/div>\r\n\t\t\t<div class=\"container \">\r\n\t\t\t\t<div class=\"common-page-title\">\r\n\t\t\t\t\t<h3 class=\"page-title\">More Services<\/h3>\r\n\t\t\t\t\t<div class=\"d-flex gap-2 align-items-center\">\r\n\t\t\t\t\t\t<p>Home \/<\/p>\r\n\t\t\t\t\t\t<a href=\"\/https:\/\/acillastik.com.tr\/index.php\/services-two\/\">Services Two<\/a>\r\n\t\t\t\t\t<\/div>\r\n\t\t\t\t<\/div>\r\n\t\t\t\t<div class=\"primary-color-border\"><\/div>\r\n\t\t\t<\/div>\t\t\t\t<\/div>\n\t\t\t\t<\/div>\n\t\t\t\t\t<\/div>\n\t\t<\/div>\n\t\t\t\t\t<\/div>\n\t\t<\/section>\n\t\t\t\t<section class=\"elementor-section elementor-top-section elementor-element elementor-element-c039916 elementor-section-full_width elementor-section-stretched elementor-section-height-default elementor-section-height-default\" data-id=\"c039916\" data-element_type=\"section\" data-settings=\"{&quot;stretch_section&quot;:&quot;section-stretched&quot;}\">\n\t\t\t\t\t\t<div class=\"elementor-container elementor-column-gap-no\">\n\t\t\t\t\t<div class=\"elementor-column elementor-col-100 elementor-top-column elementor-element elementor-element-acb2551\" data-id=\"acb2551\" data-element_type=\"column\">\n\t\t\t<div class=\"elementor-widget-wrap elementor-element-populated\">\n\t\t\t\t\t\t<div class=\"elementor-element elementor-element-a1dd43b elementor-widget elementor-widget-our-services\" data-id=\"a1dd43b\" data-element_type=\"widget\" data-widget_type=\"our-services.default\">\n\t\t\t\t<div class=\"elementor-widget-container\">\n\t\t\t\t\t<div class=\"ak-height-75 ak-height-lg-80\"><\/div>\r\n\t\t<div class=\"container\">\r\n\t\t\t<div class=\"row row-cols-xl-3 row-cols-md-2 row-cols-1 g-4\">\t\t<div class=\"col\">\r\n\t\t\t\t\t<div class=\"service-card-style-2\" data-aos=\"fade-up\">\r\n\t\t\t\t\t\t<div class=\"service-icon\">\r\n\t\t\t\t\t\t\t<img decoding=\"async\" src=\"https:\/\/acillastik.com.tr\/wp-content\/uploads\/2024\/05\/cras_srv1.png\" width=\"46\" height=\"47\" alt=\"Acil Lastik Servisi\">\r\n\t\t\t\t\t\t<\/div>\r\n\t\t\t\t\t\t<div class=\"service-desp\">\r\n\t\t\t\t\t\t\t<a href=\"https:\/\/acillastik.com.tr\/index.php\/services\/diagnostic-services-2-2\/\" class=\"title\">Yerinde Lastik De\u011fi\u015fimi \u2013 Anadolu Yakas\u0131<\/a>\r\n\t\t\t\t\t\t\t<p class=\"desp\">Arac\u0131n\u0131z\u0131 servise g\u00f6t\u00fcrmenize gerek kalmadan, lastik de\u011fi\u015fimi i\u015flemleri arac\u0131n\u0131z\u0131n bulundu\u011fu yerde yap\u0131l\u0131r.<\/p>\r\n\t\t\t\t\t\t\t<a href=\"https:\/\/acillastik.com.tr\/index.php\/services\/diagnostic-services-2-2\/\" class=\"more-btn\">VIEW MORE<\/a>\r\n\t\t\t\t\t\t<\/div>\r\n\t\t\t\t\t<\/div>\r\n\t\t\t\t<\/div>\t\t<div class=\"col\">\r\n\t\t\t\t\t<div class=\"service-card-style-2\" data-aos=\"fade-up\">\r\n\t\t\t\t\t\t<div class=\"service-icon\">\r\n\t\t\t\t\t\t\t<img decoding=\"async\" src=\"https:\/\/acillastik.com.tr\/wp-content\/uploads\/2024\/05\/cras_srv1.png\" width=\"46\" height=\"47\" alt=\"Acil Lastik Servisi\">\r\n\t\t\t\t\t\t<\/div>\r\n\t\t\t\t\t\t<div class=\"service-desp\">\r\n\t\t\t\t\t\t\t<a href=\"https:\/\/acillastik.com.tr\/index.php\/services\/diagnostic-services-2\/\" class=\"title\">7\/24 Acil Lastik Yol Yard\u0131m<\/a>\r\n\t\t\t\t\t\t\t<p class=\"desp\">Acil Lastik olarak, lastik patlamas\u0131, hava inmesi veya ba\u015fka bir lastik ar\u0131zas\u0131 ya\u015fad\u0131\u011f\u0131n\u0131zda, 7 g\u00fcn 24 saat kesintisiz hizmet sa\u011fl\u0131yoruz.<\/p>\r\n\t\t\t\t\t\t\t<a href=\"https:\/\/acillastik.com.tr\/index.php\/services\/diagnostic-services-2\/\" class=\"more-btn\">VIEW MORE<\/a>\r\n\t\t\t\t\t\t<\/div>\r\n\t\t\t\t\t<\/div>\r\n\t\t\t\t<\/div>\t\t<div class=\"col\">\r\n\t\t\t\t\t<div class=\"service-card-style-2\" data-aos=\"fade-up\">\r\n\t\t\t\t\t\t<div class=\"service-icon\">\r\n\t\t\t\t\t\t\t<img decoding=\"async\" src=\"https:\/\/acillastik.com.tr\/wp-content\/uploads\/2024\/05\/cras_srv2.png\" width=\"46\" height=\"47\" alt=\"Acil Lastik Servisi\">\r\n\t\t\t\t\t\t<\/div>\r\n\t\t\t\t\t\t<div class=\"service-desp\">\r\n\t\t\t\t\t\t\t<a href=\"https:\/\/acillastik.com.tr\/index.php\/services\/routine-maintenance-2-2\/\" class=\"title\">Lastik Tamiri \u2013 Anadolu Yakas\u0131<\/a>\r\n\t\t\t\t\t\t\t<p class=\"desp\">Acil Lastik, lasti\u011finiz tamir edilebilecek durumdaysa, mobil ekibiyle bulundu\u011funuz noktada tamir hizmeti sa\u011flar.<\/p>\r\n\t\t\t\t\t\t\t<a href=\"https:\/\/acillastik.com.tr\/index.php\/services\/routine-maintenance-2-2\/\" class=\"more-btn\">VIEW MORE<\/a>\r\n\t\t\t\t\t\t<\/div>\r\n\t\t\t\t\t<\/div>\r\n\t\t\t\t<\/div>\t\t<div class=\"col\">\r\n\t\t\t\t\t<div class=\"service-card-style-2\" data-aos=\"fade-up\">\r\n\t\t\t\t\t\t<div class=\"service-icon\">\r\n\t\t\t\t\t\t\t<img decoding=\"async\" src=\"https:\/\/acillastik.com.tr\/wp-content\/uploads\/2024\/05\/cras_srv2.png\" width=\"46\" height=\"47\" alt=\"Acil Lastik Servisi\">\r\n\t\t\t\t\t\t<\/div>\r\n\t\t\t\t\t\t<div class=\"service-desp\">\r\n\t\t\t\t\t\t\t<a href=\"https:\/\/acillastik.com.tr\/index.php\/services\/routine-maintenance-2\/\" class=\"title\">Routine Maintenance<\/a>\r\n\t\t\t\t\t\t\t<p class=\"desp\">Lorem Ipsum is simply dummy text of the printing and typesetting industry. Lorem Ipsum has been the industry's stan.<\/p>\r\n\t\t\t\t\t\t\t<a href=\"https:\/\/acillastik.com.tr\/index.php\/services\/routine-maintenance-2\/\" class=\"more-btn\">VIEW MORE<\/a>\r\n\t\t\t\t\t\t<\/div>\r\n\t\t\t\t\t<\/div>\r\n\t\t\t\t<\/div>\t\t<div class=\"col\">\r\n\t\t\t\t\t<div class=\"service-card-style-2\" data-aos=\"fade-up\">\r\n\t\t\t\t\t\t<div class=\"service-icon\">\r\n\t\t\t\t\t\t\t<img decoding=\"async\" src=\"https:\/\/acillastik.com.tr\/wp-content\/uploads\/2024\/05\/cras_srv3.png\" width=\"46\" height=\"47\" alt=\"Acil Lastik Servisi\">\r\n\t\t\t\t\t\t<\/div>\r\n\t\t\t\t\t\t<div class=\"service-desp\">\r\n\t\t\t\t\t\t\t<a href=\"https:\/\/acillastik.com.tr\/index.php\/services\/brake-system-repair-2\/\" class=\"title\">Brake System Repair<\/a>\r\n\t\t\t\t\t\t\t<p class=\"desp\">Lorem Ipsum is simply dummy text of the printing and typesetting industry. Lorem Ipsum has been the industry's stan.<\/p>\r\n\t\t\t\t\t\t\t<a href=\"https:\/\/acillastik.com.tr\/index.php\/services\/brake-system-repair-2\/\" class=\"more-btn\">VIEW MORE<\/a>\r\n\t\t\t\t\t\t<\/div>\r\n\t\t\t\t\t<\/div>\r\n\t\t\t\t<\/div>\t\t<div class=\"col\">\r\n\t\t\t\t\t<div class=\"service-card-style-2\" data-aos=\"fade-up\">\r\n\t\t\t\t\t\t<div class=\"service-icon\">\r\n\t\t\t\t\t\t\t<img decoding=\"async\" src=\"https:\/\/acillastik.com.tr\/wp-content\/uploads\/2024\/05\/cras_srv3.png\" width=\"46\" height=\"47\" alt=\"Acil Lastik Servisi\">\r\n\t\t\t\t\t\t<\/div>\r\n\t\t\t\t\t\t<div class=\"service-desp\">\r\n\t\t\t\t\t\t\t<a href=\"https:\/\/acillastik.com.tr\/index.php\/services\/brake-system-repair\/\" class=\"title\">Brake System Repair<\/a>\r\n\t\t\t\t\t\t\t<p class=\"desp\">Lorem Ipsum is simply dummy text of the printing and typesetting industry. Lorem Ipsum has been the industry's stan.<\/p>\r\n\t\t\t\t\t\t\t<a href=\"https:\/\/acillastik.com.tr\/index.php\/services\/brake-system-repair\/\" class=\"more-btn\">VIEW MORE<\/a>\r\n\t\t\t\t\t\t<\/div>\r\n\t\t\t\t\t<\/div>\r\n\t\t\t\t<\/div>\t\t<div class=\"col\">\r\n\t\t\t\t\t<div class=\"service-card-style-2\" data-aos=\"fade-up\">\r\n\t\t\t\t\t\t<div class=\"service-icon\">\r\n\t\t\t\t\t\t\t<img loading=\"lazy\" decoding=\"async\" src=\"https:\/\/acillastik.com.tr\/wp-content\/uploads\/2024\/05\/cras_srv6.png\" width=\"46\" height=\"47\" alt=\"Acil Lastik Servisi\">\r\n\t\t\t\t\t\t<\/div>\r\n\t\t\t\t\t\t<div class=\"service-desp\">\r\n\t\t\t\t\t\t\t<a href=\"https:\/\/acillastik.com.tr\/index.php\/services\/diagnostic-services-3\/\" class=\"title\">Diagnostic Services<\/a>\r\n\t\t\t\t\t\t\t<p class=\"desp\">Lorem Ipsum is simply dummy text of the printing and typesetting industry. Lorem Ipsum has been the industry's stan.<\/p>\r\n\t\t\t\t\t\t\t<a href=\"https:\/\/acillastik.com.tr\/index.php\/services\/diagnostic-services-3\/\" class=\"more-btn\">VIEW MORE<\/a>\r\n\t\t\t\t\t\t<\/div>\r\n\t\t\t\t\t<\/div>\r\n\t\t\t\t<\/div>\t\t<div class=\"col\">\r\n\t\t\t\t\t<div class=\"service-card-style-2\" data-aos=\"fade-up\">\r\n\t\t\t\t\t\t<div class=\"service-icon\">\r\n\t\t\t\t\t\t\t<img loading=\"lazy\" decoding=\"async\" src=\"https:\/\/acillastik.com.tr\/wp-content\/uploads\/2024\/05\/cras_srv6.png\" width=\"46\" height=\"47\" alt=\"Acil Lastik Servisi\">\r\n\t\t\t\t\t\t<\/div>\r\n\t\t\t\t\t\t<div class=\"service-desp\">\r\n\t\t\t\t\t\t\t<a href=\"https:\/\/acillastik.com.tr\/index.php\/services\/diagnostic-services\/\" class=\"title\">Diagnostic Services<\/a>\r\n\t\t\t\t\t\t\t<p class=\"desp\">Lorem Ipsum is simply dummy text of the printing and typesetting industry. Lorem Ipsum has been the industry's stan.<\/p>\r\n\t\t\t\t\t\t\t<a href=\"https:\/\/acillastik.com.tr\/index.php\/services\/diagnostic-services\/\" class=\"more-btn\">VIEW MORE<\/a>\r\n\t\t\t\t\t\t<\/div>\r\n\t\t\t\t\t<\/div>\r\n\t\t\t\t<\/div>\t\t<div class=\"col\">\r\n\t\t\t\t\t<div class=\"service-card-style-2\" data-aos=\"fade-up\">\r\n\t\t\t\t\t\t<div class=\"service-icon\">\r\n\t\t\t\t\t\t\t<img loading=\"lazy\" decoding=\"async\" src=\"https:\/\/acillastik.com.tr\/wp-content\/uploads\/2024\/05\/cras_srv5.png\" width=\"46\" height=\"47\" alt=\"Acil Lastik Servisi\">\r\n\t\t\t\t\t\t<\/div>\r\n\t\t\t\t\t\t<div class=\"service-desp\">\r\n\t\t\t\t\t\t\t<a href=\"https:\/\/acillastik.com.tr\/index.php\/services\/transmission-services-2\/\" class=\"title\">Transmission Services<\/a>\r\n\t\t\t\t\t\t\t<p class=\"desp\">Lorem Ipsum is simply dummy text of the printing and typesetting industry. Lorem Ipsum has been the industry's stan.<\/p>\r\n\t\t\t\t\t\t\t<a href=\"https:\/\/acillastik.com.tr\/index.php\/services\/transmission-services-2\/\" class=\"more-btn\">VIEW MORE<\/a>\r\n\t\t\t\t\t\t<\/div>\r\n\t\t\t\t\t<\/div>\r\n\t\t\t\t<\/div>\t<\/div>\r\n\t\t<\/div>\t\t\t\t<\/div>\n\t\t\t\t<\/div>\n\t\t\t\t\t<\/div>\n\t\t<\/div>\n\t\t\t\t\t<\/div>\n\t\t<\/section>\n\t\t\t\t<section class=\"elementor-section elementor-top-section elementor-element elementor-element-963a9ca elementor-section-full_width elementor-section-stretched elementor-section-height-default elementor-section-height-default\" data-id=\"963a9ca\" data-element_type=\"section\" data-settings=\"{&quot;stretch_section&quot;:&quot;section-stretched&quot;}\">\n\t\t\t\t\t\t<div class=\"elementor-container elementor-column-gap-no\">\n\t\t\t\t\t<div class=\"elementor-column elementor-col-100 elementor-top-column elementor-element elementor-element-557f919\" data-id=\"557f919\" data-element_type=\"column\">\n\t\t\t<div class=\"elementor-widget-wrap elementor-element-populated\">\n\t\t\t\t\t\t<div class=\"elementor-element elementor-element-90848ca elementor-widget elementor-widget-widget-git\" data-id=\"90848ca\" data-element_type=\"widget\" data-widget_type=\"widget-git.default\">\n\t\t\t\t<div class=\"elementor-widget-container\">\n\t\t\t\t\t<div class=\"ak-height-125 ak-height-lg-80\"><\/div>\r\n\t\t<div class=\"container \">\r\n\t\t\t<div class=\"cta\" data-aos=\"fade-right\">\t\t<span class=\"border-pr\"><\/span>\r\n\t\t\t\t<span class=\"border-wh\"><\/span>\t\t<div class=\"cta-info\">\r\n\t\t\t\t\t<h2 class=\"cta-title\" data-aos=\"fade-left\" data-aos-delay=\"100\">Get in touch with our experts<\/h2>\r\n\t\t\t\t\t<p class=\"cta-desp\">Lorem Ipsum is simply dummy text of the printing and typesetting industry. Lorem Ipsum has been the industry's stan. Lorem Ipsum is simply dummy text of the printing and typesetting industry. Lorem Ipsum has been the industry's stan.<\/p>\r\n\t\t\t\t\t<a href=\"#\" class=\"cta-btn\">\r\n\t\t\t\t\t\t<img decoding=\"async\" src=\"https:\/\/acillastik.com.tr\/wp-content\/themes\/cras\/images\/phone.svg\" alt=\"Acil Lastik Servisi\">\r\n\t\t\t\t\t\t<span class=\"ms-2\"> Get in touch with us<\/span>\r\n\t\t\t\t\t<\/a>\r\n\t\t\t\t<\/div>\r\n\t\t\t<\/div>\r\n\t\t<\/div>\t\t\t\t<\/div>\n\t\t\t\t<\/div>\n\t\t\t\t\t<\/div>\n\t\t<\/div>\n\t\t\t\t\t<\/div>\n\t\t<\/section>\n\t\t\t\t<\/div>\n\t\t","protected":false},"excerpt":{"rendered":"<p>More Services Home \/ Services Two Diagnostic Services Lorem Ipsum is simply dummy text of the printing and typesetting industry. Lorem Ipsum has been the industry&#8217;s stan. VIEW MORE Routine Maintenance Lorem Ipsum is simply dummy text of the printing and typesetting industry. Lorem Ipsum has been the industry&#8217;s stan. VIEW MORE Brake System Repair [&hellip;]<\/p>\n","protected":false},"author":1,"featured_media":0,"parent":0,"menu_order":0,"comment_status":"closed","ping_status":"closed","template":"page-fullwidth.php","meta":{"footnotes":""},"class_list":["post-840","page","type-page","status-publish","hentry"],"_links":{"self":[{"href":"https:\/\/acillastik.com.tr\/index.php\/wp-json\/wp\/v2\/pages\/840","targetHints":{"allow":["GET"]}}],"collection":[{"href":"https:\/\/acillastik.com.tr\/index.php\/wp-json\/wp\/v2\/pages"}],"about":[{"href":"https:\/\/acillastik.com.tr\/index.php\/wp-json\/wp\/v2\/types\/page"}],"author":[{"embeddable":true,"href":"https:\/\/acillastik.com.tr\/index.php\/wp-json\/wp\/v2\/users\/1"}],"replies":[{"embeddable":true,"href":"https:\/\/acillastik.com.tr\/index.php\/wp-json\/wp\/v2\/comments?post=840"}],"version-history":[{"count":1,"href":"https:\/\/acillastik.com.tr\/index.php\/wp-json\/wp\/v2\/pages\/840\/revisions"}],"predecessor-version":[{"id":1172,"href":"https:\/\/acillastik.com.tr\/index.php\/wp-json\/wp\/v2\/pages\/840\/revisions\/1172"}],"wp:attachment":[{"href":"https:\/\/acillastik.com.tr\/index.php\/wp-json\/wp\/v2\/media?parent=840"}],"curies":[{"name":"wp","href":"https:\/\/api.w.org\/{rel}","templated":true}]}}